{"id":83,"date":"2025-09-17T15:35:41","date_gmt":"2025-09-17T15:35:41","guid":{"rendered":"https:\/\/reussir-esh.com\/?page_id=83"},"modified":"2026-01-11T15:45:08","modified_gmt":"2026-01-11T15:45:08","slug":"nos-formules","status":"publish","type":"page","link":"https:\/\/reussir-esh.com\/?page_id=83","title":{"rendered":"Nos formules"},"content":{"rendered":"\t\t<div data-elementor-type=\"wp-page\" data-elementor-id=\"83\" class=\"elementor elementor-83\">\n\t\t\t\t<div class=\"elementor-element elementor-element-ca2f221 e-flex e-con-boxed e-con e-parent\" data-id=\"ca2f221\" data-element_type=\"container\" data-e-type=\"container\">\n\t\t\t\t\t<div class=\"e-con-inner\">\n\t\t\t\t<div class=\"elementor-element elementor-element-9e59c90 elementor-widget elementor-widget-shortcode\" data-id=\"9e59c90\" data-element_type=\"widget\" data-e-type=\"widget\" data-widget_type=\"shortcode.default\">\n\t\t\t\t\t\t\t<div class=\"elementor-shortcode\"><!DOCTYPE html>\n<html lang=\"fr\">\n<head>\n    <meta charset=\"UTF-8\">\n    <meta name=\"viewport\" content=\"width=device-width, initial-scale=1.0\">\n    <title>Nos Formules - R\u00e9ussir l'ESH<\/title>\n    <style>\n        :root {\n            --primary-blue: #00092b;\n            --primary-orange: #FE800D;\n            --light-bg: #f8f9fa;\n            --text-dark: #333333;\n        }\n        \n        * {\n            margin: 0;\n            padding: 0;\n            box-sizing: border-box;\n        }\n        \n        .formules-container {\n            max-width: 1200px;\n            margin: 0 auto;\n            padding: 60px 20px;\n            font-family: 'Arial', sans-serif;\n        }\n\n        .formules-hero {\n            text-align: center;\n            margin-bottom: 80px;\n        }\n        \n        .formules-hero h1 {\n            font-size: 3rem;\n            color: var(--primary-blue);\n            margin-bottom: 20px;\n            font-weight: 700;\n        }\n        \n        .formules-hero .subtitle {\n            font-size: 1.3rem;\n            color: var(--text-dark);\n            max-width: 600px;\n            margin: 0 auto;\n            line-height: 1.6;\n        }\n\n        .formules-grid {\n            display: grid;\n            grid-template-columns: 1fr 1fr;\n            gap: 40px;\n            margin-bottom: 80px;\n        }\n        \n        .formule-card {\n            background: white;\n            border-radius: 15px;\n            padding: 50px 40px;\n            box-shadow: 0 5px 25px rgba(0,0,0,0.1);\n            border: 2px solid transparent;\n            transition: all 0.3s ease;\n            display: flex;\n            flex-direction: column;\n            height: fit-content;\n        }\n        \n        .formule-card:hover {\n            transform: translateY(-5px);\n            border-color: var(--primary-orange);\n        }\n        \n        .formule-title {\n            font-size: 2rem;\n            color: var(--primary-blue);\n            margin-bottom: 10px;\n            font-weight: 600;\n            min-height: 80px;\n            display: flex;\n            align-items: flex-end;\n        }\n        \n        .formule-subtitle {\n            font-size: 1rem;\n            color: var(--text-dark);\n            margin-bottom: 30px;\n            line-height: 1.4;\n            font-style: italic;\n            min-height: 50px;\n        }\n        \n        .formule-price-container {\n            background: var(--light-bg);\n            padding: 25px;\n            border-radius: 10px;\n            text-align: center;\n            margin-bottom: 30px;\n            border: 1px solid #e0e0e0;\n            min-height: 120px;\n            display: flex;\n            flex-direction: column;\n            justify-content: center;\n        }\n        \n        .formule-price {\n            font-size: 2rem;\n            color: var(--primary-orange);\n            font-weight: 600;\n            margin-bottom: 5px;\n        }\n        \n        .price-period {\n            font-size: 1rem;\n            color: var(--text-dark);\n        }\n        \n        .formule-features {\n            list-style: none;\n            margin-bottom: 40px;\n            flex-grow: 1;\n            min-height: 280px;\n        }\n        \n        .formule-features li {\n            padding: 12px 0;\n            border-bottom: 1px solid #eee;\n            font-size: 1.1rem;\n            color: var(--text-dark);\n            position: relative;\n            padding-left: 30px;\n        }\n        \n        .formule-features li:before {\n            content: \"\u2713\";\n            position: absolute;\n            left: 0;\n            color: var(--primary-orange);\n            font-weight: bold;\n            font-size: 1.2rem;\n        }\n        \n        .empty-feature {\n            padding: 12px 0;\n            border-bottom: 1px solid transparent;\n            visibility: hidden;\n        }\n        \n        .formule-button {\n            display: inline-block;\n            background-color: var(--primary-orange);\n            color: white;\n            padding: 15px 30px;\n            text-decoration: none;\n            border-radius: 5px;\n            font-size: 1.1rem;\n            font-weight: 600;\n            transition: all 0.3s ease;\n            text-align: center;\n            width: 100%;\n        }\n        \n        .formule-button:hover {\n            background-color: #e67200;\n            transform: translateY(-2px);\n        }\n\n        .formules-cta {\n            background: var(--primary-blue);\n            padding: 60px 40px;\n            border-radius: 15px;\n            text-align: center;\n            margin-top: 60px;\n        }\n        \n        .cta-title {\n            color: white;\n            font-size: 2.2rem;\n            margin-bottom: 20px;\n        }\n        \n        .cta-text {\n            color: rgba(255, 255, 255, 0.9);\n            font-size: 1.1rem;\n            margin-bottom: 30px;\n            max-width: 600px;\n            margin-left: auto;\n            margin-right: auto;\n        }\n        \n        .cta-button {\n            display: inline-block;\n            background-color: var(--primary-orange);\n            color: white;\n            padding: 15px 40px;\n            text-decoration: none;\n            border-radius: 5px;\n            font-size: 1.1rem;\n            font-weight: 600;\n            transition: all 0.3s ease;\n        }\n        \n        .cta-button:hover {\n            background-color: #e67200;\n            transform: translateY(-2px);\n        }\n\n        @media (max-width: 768px) {\n            .formules-grid {\n                grid-template-columns: 1fr;\n                gap: 30px;\n            }\n            .formules-hero h1 {\n                font-size: 2.2rem;\n            }\n            .formule-card {\n                padding: 30px 25px;\n            }\n            .formule-title {\n                font-size: 1.8rem;\n                min-height: auto;\n            }\n            .formule-subtitle,\n            .formule-features {\n                min-height: auto;\n            }\n            .empty-feature {\n                display: none;\n            }\n        }\n    <\/style>\n<\/head>\n<body>\n<div class=\"formules-container\">\n\n<section class=\"formules-hero\">\n    <h1>Nos Formules<\/h1>\n    <p class=\"subtitle\">Choisissez la formule adapt\u00e9e \u00e0 votre niveau<\/p>\n<\/section>\n\n<div class=\"formules-grid\">\n\n<!-- Formule Pr\u00e9pa -->\n<div class=\"formule-card\">\n    <h2 class=\"formule-title\">Formule Pr\u00e9pa<\/h2>\n    <p class=\"formule-subtitle\">Pour les pr\u00e9pas ECG, BL, ENS Paris-Saclay<\/p>\n\n    <div class=\"formule-price-container\">\n        <div class=\"formule-price\">39,99\u20ac<\/div>\n        <div class=\"price-period\">par mois<\/div>\n    <\/div>\n\n    <ul class=\"formule-features\">\n        <li>M\u00e9thodologie de la dissertation<\/li>\n        <li>Les d\u00e9finitions cl\u00e9s<\/li>\n        <li>70 dissertations compl\u00e8tes corrig\u00e9es<\/li>\n        <li>Les graphiques et \u00e9quations<\/li>\n        <li>Les sujets d'oraux<\/li>\n        <li>Deck Anki de 1000+ cartes<\/li>\n        <li class=\"empty-feature\">Espace r\u00e9serv\u00e9<\/li>\n    <\/ul>\n\n    <a href=\"https:\/\/reussir-esh.com\/?page_id=182\" class=\"formule-button\">Choisir cette formule<\/a>\n    <p style=\"margin-top: 15px; font-size: 0.9rem; color: #666; text-align: center;\">Sans engagement \u2022 Annulation \u00e0 tout moment<\/p>\n<\/div>\n\n<!-- Formule Terminale -->\n<div class=\"formule-card\">\n    <h2 class=\"formule-title\">Formule Terminale<\/h2>\n    <p class=\"formule-subtitle\">Pour les terminales souhaitant pr\u00e9parer au mieux leur rentr\u00e9e en pr\u00e9pa<\/p>\n\n    <div class=\"formule-price-container\">\n        <div class=\"formule-price\">200\u20ac<\/div>\n        <div class=\"price-period\">acc\u00e8s d'un an<\/div>\n    <\/div>\n\n    <ul class=\"formule-features\">\n        <li>M\u00e9thodologie de la dissertation<\/li>\n        <li>5 dissertations corrig\u00e9es<\/li>\n        <li>Les graphiques et \u00e9quations<\/li>\n        <li class=\"empty-feature\">Espace r\u00e9serv\u00e9<\/li>\n        <li class=\"empty-feature\">Espace r\u00e9serv\u00e9<\/li>\n        <li class=\"empty-feature\">Espace r\u00e9serv\u00e9<\/li>\n        <li class=\"empty-feature\">Espace r\u00e9serv\u00e9<\/li>\n    <\/ul>\n\n    <a href=\"https:\/\/reussir-esh.com\/?page_id=182\" class=\"formule-button\">Choisir cette formule<\/a>\n    <p style=\"margin-top: 15px; font-size: 0.9rem; color: #666; text-align: center;\">Acc\u00e8s 12 mois \u2022 Pr\u00e9paration optimale<\/p>\n<\/div>\n\n<\/div>\n\n<section class=\"formules-cta\">\n    <h2 class=\"cta-title\">Pr\u00eats \u00e0 gagner des points en \u00e9conomie ?<\/h2>\n    <p class=\"cta-text\">Rejoignez les \u00e9tudiants qui ont compris comment r\u00e9ussir facilement en ESH<\/p>\n    <a href=\"https:\/\/reussir-esh.com\/?page_id=182\" class=\"cta-button\">Nous contacter<\/a>\n<\/section>\n\n<\/div>\n<\/body>\n<\/html>\n<\/div>\n\t\t\t\t\t\t<\/div>\n\t\t\t\t\t<\/div>\n\t\t\t\t<\/div>\n\t\t\t\t<\/div>\n\t\t","protected":false},"excerpt":{"rendered":"<p>Nos Formules &#8211; R\u00e9ussir l&#8217;ESH Nos Formules Choisissez la formule adapt\u00e9e \u00e0 votre niveau Formule Pr\u00e9pa Pour les pr\u00e9pas ECG, [&hellip;]<\/p>\n","protected":false},"author":1,"featured_media":0,"parent":0,"menu_order":0,"comment_status":"closed","ping_status":"closed","template":"","meta":{"site-sidebar-layout":"default","site-content-layout":"","ast-site-content-layout":"default","site-content-style":"default","site-sidebar-style":"default","ast-global-header-display":"","ast-banner-title-visibility":"","ast-main-header-display":"","ast-hfb-above-header-display":"","ast-hfb-below-header-display":"","ast-hfb-mobile-header-display":"","site-post-title":"","ast-breadcrumbs-content":"","ast-featured-img":"","footer-sml-layout":"","theme-transparent-header-meta":"","adv-header-id-meta":"","stick-header-meta":"","header-above-stick-meta":"","header-main-stick-meta":"","header-below-stick-meta":"","astra-migrate-meta-layouts":"default","ast-page-background-enabled":"default","ast-page-background-meta":{"desktop":{"background-color":"var(--ast-global-color-5)","background-image":"","background-repeat":"repeat","background-position":"center center","background-size":"auto","background-attachment":"scroll","background-type":"","background-media":"","overlay-type":"","overlay-color":"","overlay-opacity":"","overlay-gradient":""},"tablet":{"background-color":"","background-image":"","background-repeat":"repeat","background-position":"center center","background-size":"auto","background-attachment":"scroll","background-type":"","background-media":"","overlay-type":"","overlay-color":"","overlay-opacity":"","overlay-gradient":""},"mobile":{"background-color":"","background-image":"","background-repeat":"repeat","background-position":"center center","background-size":"auto","background-attachment":"scroll","background-type":"","background-media":"","overlay-type":"","overlay-color":"","overlay-opacity":"","overlay-gradient":""}},"ast-content-background-meta":{"desktop":{"background-color":"var(--ast-global-color-4)","background-image":"","background-repeat":"repeat","background-position":"center center","background-size":"auto","background-attachment":"scroll","background-type":"","background-media":"","overlay-type":"","overlay-color":"","overlay-opacity":"","overlay-gradient":""},"tablet":{"background-color":"var(--ast-global-color-4)","background-image":"","background-repeat":"repeat","background-position":"center center","background-size":"auto","background-attachment":"scroll","background-type":"","background-media":"","overlay-type":"","overlay-color":"","overlay-opacity":"","overlay-gradient":""},"mobile":{"background-color":"var(--ast-global-color-4)","background-image":"","background-repeat":"repeat","background-position":"center center","background-size":"auto","background-attachment":"scroll","background-type":"","background-media":"","overlay-type":"","overlay-color":"","overlay-opacity":"","overlay-gradient":""}},"footnotes":""},"categories":[],"tags":[],"class_list":["post-83","page","type-page","status-publish","hentry"],"_links":{"self":[{"href":"https:\/\/reussir-esh.com\/index.php?rest_route=\/wp\/v2\/pages\/83","targetHints":{"allow":["GET"]}}],"collection":[{"href":"https:\/\/reussir-esh.com\/index.php?rest_route=\/wp\/v2\/pages"}],"about":[{"href":"https:\/\/reussir-esh.com\/index.php?rest_route=\/wp\/v2\/types\/page"}],"author":[{"embeddable":true,"href":"https:\/\/reussir-esh.com\/index.php?rest_route=\/wp\/v2\/users\/1"}],"replies":[{"embeddable":true,"href":"https:\/\/reussir-esh.com\/index.php?rest_route=%2Fwp%2Fv2%2Fcomments&post=83"}],"version-history":[{"count":74,"href":"https:\/\/reussir-esh.com\/index.php?rest_route=\/wp\/v2\/pages\/83\/revisions"}],"predecessor-version":[{"id":1156,"href":"https:\/\/reussir-esh.com\/index.php?rest_route=\/wp\/v2\/pages\/83\/revisions\/1156"}],"wp:attachment":[{"href":"https:\/\/reussir-esh.com\/index.php?rest_route=%2Fwp%2Fv2%2Fmedia&parent=83"}],"wp:term":[{"taxonomy":"category","embeddable":true,"href":"https:\/\/reussir-esh.com\/index.php?rest_route=%2Fwp%2Fv2%2Fcategories&post=83"},{"taxonomy":"post_tag","embeddable":true,"href":"https:\/\/reussir-esh.com\/index.php?rest_route=%2Fwp%2Fv2%2Ftags&post=83"}],"curies":[{"name":"wp","href":"https:\/\/api.w.org\/{rel}","templated":true}]}}