{"id":1109,"date":"2026-01-11T00:35:42","date_gmt":"2026-01-11T00:35:42","guid":{"rendered":"https:\/\/reussir-esh.com\/?page_id=1109"},"modified":"2026-01-11T01:52:24","modified_gmt":"2026-01-11T01:52:24","slug":"nos-ressources-esh","status":"publish","type":"page","link":"https:\/\/reussir-esh.com\/?page_id=1109","title":{"rendered":"Nos ressources ESH"},"content":{"rendered":"\t\t<div data-elementor-type=\"wp-page\" data-elementor-id=\"1109\" class=\"elementor elementor-1109\">\n\t\t\t\t<div class=\"elementor-element elementor-element-73e2386 e-flex e-con-boxed e-con e-parent\" data-id=\"73e2386\" data-element_type=\"container\" data-e-type=\"container\">\n\t\t\t\t\t<div class=\"e-con-inner\">\n\t\t\t\t<div class=\"elementor-element elementor-element-e15a484 elementor-widget elementor-widget-html\" data-id=\"e15a484\" data-element_type=\"widget\" data-e-type=\"widget\" data-widget_type=\"html.default\">\n\t\t\t\t\t<!DOCTYPE html>\n<html lang=\"fr\">\n<head>\n<meta charset=\"UTF-8\">\n<meta name=\"viewport\" content=\"width=device-width, initial-scale=1.0\">\n<title>Nos ressources ESH - R\u00e9ussir l'ESH<\/title>\n\n<style>\n:root {\n    --primary-blue: #00092b;\n    --primary-orange: #FE800D;\n    --light-bg: #f8f9fa;\n    --text-dark: #333333;\n}\n\n* {\n    margin: 0;\n    padding: 0;\n    box-sizing: border-box;\n}\n\n.ressources-container {\n    max-width: 1200px;\n    margin: 0 auto;\n    padding: 60px 20px;\n    font-family: 'Arial', sans-serif;\n}\n\n\/* Hero *\/\n.ressources-hero {\n    text-align: center;\n    margin-bottom: 80px;\n}\n\n.ressources-hero h1 {\n    font-size: 3rem;\n    color: var(--primary-blue);\n    margin-bottom: 20px;\n    font-weight: 700;\n}\n\n.ressources-hero .subtitle {\n    font-size: 1.3rem;\n    color: var(--text-dark);\n    max-width: 750px;\n    margin: 0 auto;\n    line-height: 1.6;\n}\n\n\/* Grid *\/\n.ressources-grid {\n    display: grid;\n    grid-template-columns: 1fr 1fr;\n    gap: 40px;\n}\n\n.ressource-card {\n    background: white;\n    border-radius: 15px;\n    padding: 50px 40px;\n    box-shadow: 0 5px 25px rgba(0,0,0,0.1);\n    border: 2px solid transparent;\n    transition: all 0.3s ease;\n}\n\n.ressource-card:hover {\n    transform: translateY(-5px);\n    border-color: var(--primary-orange);\n}\n\n.ressource-title {\n    font-size: 2rem;\n    color: var(--primary-blue);\n    margin-bottom: 20px;\n    font-weight: 600;\n}\n\n.ressource-text {\n    font-size: 1.1rem;\n    color: var(--text-dark);\n    line-height: 1.65;\n}\n\n\/* PDF preview *\/\n.pdf-preview {\n    margin: 80px auto 40px auto;\n    max-width: 1100px;\n    text-align: center;\n}\n\n.pdf-title {\n    font-size: 2.2rem;\n    color: var(--primary-blue);\n    margin-bottom: 30px;\n}\n\n.pdf-container {\n    position: relative;\n    width: 100%;\n    padding-bottom: 70%;\n    height: 0;\n    overflow: hidden;\n    border-radius: 12px;\n    box-shadow: 0 5px 25px rgba(0,0,0,0.12);\n    border: 2px solid #eee;\n}\n\n\/* Masque de la barre PDF *\/\n.pdf-overlay {\n    position: absolute;\n    top: 0;\n    left: 0;\n    height: 60px;\n    width: 100%;\n    background: white;\n    z-index: 10;\n}\n\n.pdf-iframe {\n    position: absolute;\n    top: 0;\n    left: 0;\n    width: 100%;\n    height: 100%;\n    border: none;\n}\n\n\/* CTA *\/\n.ressources-cta {\n    background: var(--primary-blue);\n    padding: 60px 40px;\n    border-radius: 15px;\n    text-align: center;\n    margin-top: 60px;\n}\n\n.cta-title {\n    color: white;\n    font-size: 2.2rem;\n    margin-bottom: 20px;\n}\n\n.cta-text {\n    color: rgba(255,255,255,0.9);\n    font-size: 1.1rem;\n    margin-bottom: 30px;\n    max-width: 650px;\n    margin-left: auto;\n    margin-right: auto;\n    line-height: 1.6;\n}\n\n.cta-button {\n    display: inline-block;\n    background-color: var(--primary-orange);\n    color: white;\n    padding: 15px 40px;\n    text-decoration: none;\n    border-radius: 5px;\n    font-size: 1.1rem;\n    font-weight: 600;\n    transition: all 0.3s ease;\n}\n\n.cta-button:hover {\n    background-color: #e67200;\n    transform: translateY(-2px);\n}\n\n\/* Responsive *\/\n@media (max-width: 768px) {\n    .ressources-grid {\n        grid-template-columns: 1fr;\n    }\n\n    .ressources-hero h1 {\n        font-size: 2.2rem;\n    }\n\n    .ressource-card {\n        padding: 30px 25px;\n    }\n\n    .ressource-title {\n        font-size: 1.7rem;\n    }\n}\n<\/style>\n<\/head>\n\n<body>\n\n<div class=\"ressources-container\">\n\n<section class=\"ressources-hero\">\n<h1>Nos ressources ESH<\/h1>\n<p class=\"subtitle\">Un ensemble de ressources con\u00e7ues pour ma\u00eetriser l\u2019ESH dans toutes ses dimensions : connaissances, m\u00e9thode, rigueur \u00e9conomique et pr\u00e9paration \u00e0 l\u2019oral.<\/p>\n<\/section>\n\n<div class=\"ressources-grid\">\n\n<div class=\"ressource-card\">\n<h2 class=\"ressource-title\">Dissertations enti\u00e8rement r\u00e9dig\u00e9es<\/h2>\n<p class=\"ressource-text\">\n500 dissertations compl\u00e8tes, r\u00e9dig\u00e9es comme au concours, qui couvrent tout le programme d\u2019ESH des deux ann\u00e9es. Elles sont con\u00e7ues pour \u00eatre exhaustives, afin de balayer l\u2019ensemble des notions, m\u00e9canismes et d\u00e9bats essentiels.<br><br>\nElles permettent de travailler le fond et la forme en m\u00eame temps : vous r\u00e9visez directement dans le format attendu le jour J, en comprenant comment s\u2019articule la construction de la probl\u00e9matique, puis l\u2019encha\u00eenement logique des id\u00e9es dans une copie claire et bien argument\u00e9e.\n<\/p>\n<\/div>\n\n<div class=\"ressource-card\">\n<h2 class=\"ressource-title\">M\u00e9thodologie compl\u00e8te de la dissertation<\/h2>\n<p class=\"ressource-text\">\nUne m\u00e9thodologie ultra d\u00e9taill\u00e9e en 25 pages, de l\u2019accroche \u00e0 l\u2019ouverture, pour ma\u00eetriser parfaitement ce qui est r\u00e9ellement responsable de votre note finale.<br><br>\nVous y trouverez des conseils pratiques et des tips simples \u00e0 appliquer pour gagner des points sans effort.<br><br>\nElle int\u00e8gre aussi :<br>\n\u2013 quelle analyse r\u00e9aliser selon le type de sujet (question ouverte, question ferm\u00e9e, sujet nominal\u2026)<br>\n\u2013 une analyse compl\u00e8te des sujets de 2000 \u00e0 2025 pour comprendre ce qui tombe r\u00e9ellement<br>\n\u2013 des recommandations pr\u00e9cises et surtout les erreurs \u00e0 ne pas faire pour progresser facilement.\n<\/p>\n<\/div>\n\n<div class=\"ressource-card\">\n<h2 class=\"ressource-title\">Graphiques et \u00e9quations essentiels<\/h2>\n<p class=\"ressource-text\">\nPlus de 30 graphiques et \u00e9quations incontournables, \u00e0 conna\u00eetre pour l\u2019\u00e9crit comme pour l\u2019oral.<br><br>\nChaque outil est pr\u00e9sent\u00e9 avec :<br>\n\u2013 une explication \u00e9conomique claire<br>\n\u2013 une partie \u00ab comment l\u2019utiliser \u00bb<br>\n\u2013 une partie \u00ab limites \u00bb, pour comprendre dans quelle argumentation et contre-argumentation il peut prendre place.\n<\/p>\n<\/div>\n\n<div class=\"ressource-card\">\n<h2 class=\"ressource-title\">Deck Anki \u2013 apprentissage passif<\/h2>\n<p class=\"ressource-text\">\nUn deck Anki de plus de 1000 cartes pour que toutes les notions soient ancr\u00e9es profond\u00e9ment dans votre inconscient.<br><br>\nIl comprend notamment :<br>\n\u2013 500+ cartes de th\u00e9ories, avec titre et date<br>\n\u2013 200+ cartes de chiffres cl\u00e9s<br>\n\u2013 200+ cartes de dates essentielles<br>\n\u2013 150+ cartes de citations<br><br>\nLes trois derni\u00e8res cat\u00e9gories sont pens\u00e9es pour nourrir accroches, transitions et ouvertures.\n<\/p>\n<\/div>\n\n<div class=\"ressource-card\">\n<h2 class=\"ressource-title\">Sujets d\u2019oraux r\u00e9currents r\u00e9dig\u00e9s<\/h2>\n<p class=\"ressource-text\">\nUne s\u00e9lection de sujets d\u2019oraux qui tombent tous les ans, permettant de renforcer l\u2019\u00e9crit et de r\u00e9duire fortement le risque \u00e0 l\u2019oral.\n<\/p>\n<\/div>\n\n<div class=\"ressource-card\">\n<h2 class=\"ressource-title\">D\u00e9finitions cl\u00e9s du concours<\/h2>\n<p class=\"ressource-text\">\nUniquement les d\u00e9finitions apparues au moins deux fois dans des sujets de concours, suffisamment r\u00e9currentes pour \u00eatre connues sans concession.\n<\/p>\n<\/div>\n\n<\/div>\n\n<section class=\"pdf-preview\">\n<h2 class=\"pdf-title\">Extrait gratuit \u2013 aper\u00e7u des ressources<\/h2>\n\n<div class=\"pdf-container\">\n<div class=\"pdf-overlay\"><\/div>\n<iframe \nsrc=\"https:\/\/reussir-esh.com\/wp-content\/uploads\/2026\/01\/pack-decouverte.pdf#toolbar=0&navpanes=0&scrollbar=0\" \nclass=\"pdf-iframe\">\n<\/iframe>\n<\/div>\n<\/section>\n\n<section class=\"ressources-cta\">\n<h2 class=\"cta-title\">Vous \u00eates int\u00e9ress\u00e9s ?<\/h2>\n<p class=\"cta-text\">\nPour acc\u00e9der aux ressources, d\u00e9butez le processus d\u2019abonnement en compl\u00e9tant notre questionnaire.\n<\/p>\n<a href=\"https:\/\/reussir-esh.com\/?page_id=182\" class=\"cta-button\">Acc\u00e9der aux ressources<\/a>\n<\/section>\n\n<\/div>\n\n<script>\ndocument.addEventListener('contextmenu', event => event.preventDefault());\n<\/script>\n\n<\/body>\n<\/html>\n\t\t\t\t<\/div>\n\t\t\t\t\t<\/div>\n\t\t\t\t<\/div>\n\t\t\t\t<\/div>\n\t\t","protected":false},"excerpt":{"rendered":"<p>Nos ressources ESH &#8211; R\u00e9ussir l&#8217;ESH Nos ressources ESH Un ensemble de ressources con\u00e7ues pour ma\u00eetriser l\u2019ESH dans toutes ses [&hellip;]<\/p>\n","protected":false},"author":1,"featured_media":0,"parent":0,"menu_order":0,"comment_status":"closed","ping_status":"closed","template":"","meta":{"site-sidebar-layout":"no-sidebar","site-content-layout":"","ast-site-content-layout":"full-width-container","site-content-style":"default","site-sidebar-style":"default","ast-global-header-display":"","ast-banner-title-visibility":"","ast-main-header-display":"","ast-hfb-above-header-display":"","ast-hfb-below-header-display":"","ast-hfb-mobile-header-display":"","site-post-title":"","ast-breadcrumbs-content":"","ast-featured-img":"disabled","footer-sml-layout":"","theme-transparent-header-meta":"","adv-header-id-meta":"","stick-header-meta":"","header-above-stick-meta":"","header-main-stick-meta":"","header-below-stick-meta":"","astra-migrate-meta-layouts":"default","ast-page-background-enabled":"default","ast-page-background-meta":{"desktop":{"background-color":"var(--ast-global-color-5)","background-image":"","background-repeat":"repeat","background-position":"center center","background-size":"auto","background-attachment":"scroll","background-type":"","background-media":"","overlay-type":"","overlay-color":"","overlay-opacity":"","overlay-gradient":""},"tablet":{"background-color":"","background-image":"","background-repeat":"repeat","background-position":"center center","background-size":"auto","background-attachment":"scroll","background-type":"","background-media":"","overlay-type":"","overlay-color":"","overlay-opacity":"","overlay-gradient":""},"mobile":{"background-color":"","background-image":"","background-repeat":"repeat","background-position":"center center","background-size":"auto","background-attachment":"scroll","background-type":"","background-media":"","overlay-type":"","overlay-color":"","overlay-opacity":"","overlay-gradient":""}},"ast-content-background-meta":{"desktop":{"background-color":"var(--ast-global-color-4)","background-image":"","background-repeat":"repeat","background-position":"center center","background-size":"auto","background-attachment":"scroll","background-type":"","background-media":"","overlay-type":"","overlay-color":"","overlay-opacity":"","overlay-gradient":""},"tablet":{"background-color":"var(--ast-global-color-4)","background-image":"","background-repeat":"repeat","background-position":"center center","background-size":"auto","background-attachment":"scroll","background-type":"","background-media":"","overlay-type":"","overlay-color":"","overlay-opacity":"","overlay-gradient":""},"mobile":{"background-color":"var(--ast-global-color-4)","background-image":"","background-repeat":"repeat","background-position":"center center","background-size":"auto","background-attachment":"scroll","background-type":"","background-media":"","overlay-type":"","overlay-color":"","overlay-opacity":"","overlay-gradient":""}},"footnotes":""},"categories":[],"tags":[],"class_list":["post-1109","page","type-page","status-publish","hentry"],"_links":{"self":[{"href":"https:\/\/reussir-esh.com\/index.php?rest_route=\/wp\/v2\/pages\/1109","targetHints":{"allow":["GET"]}}],"collection":[{"href":"https:\/\/reussir-esh.com\/index.php?rest_route=\/wp\/v2\/pages"}],"about":[{"href":"https:\/\/reussir-esh.com\/index.php?rest_route=\/wp\/v2\/types\/page"}],"author":[{"embeddable":true,"href":"https:\/\/reussir-esh.com\/index.php?rest_route=\/wp\/v2\/users\/1"}],"replies":[{"embeddable":true,"href":"https:\/\/reussir-esh.com\/index.php?rest_route=%2Fwp%2Fv2%2Fcomments&post=1109"}],"version-history":[{"count":10,"href":"https:\/\/reussir-esh.com\/index.php?rest_route=\/wp\/v2\/pages\/1109\/revisions"}],"predecessor-version":[{"id":1123,"href":"https:\/\/reussir-esh.com\/index.php?rest_route=\/wp\/v2\/pages\/1109\/revisions\/1123"}],"wp:attachment":[{"href":"https:\/\/reussir-esh.com\/index.php?rest_route=%2Fwp%2Fv2%2Fmedia&parent=1109"}],"wp:term":[{"taxonomy":"category","embeddable":true,"href":"https:\/\/reussir-esh.com\/index.php?rest_route=%2Fwp%2Fv2%2Fcategories&post=1109"},{"taxonomy":"post_tag","embeddable":true,"href":"https:\/\/reussir-esh.com\/index.php?rest_route=%2Fwp%2Fv2%2Ftags&post=1109"}],"curies":[{"name":"wp","href":"https:\/\/api.w.org\/{rel}","templated":true}]}}